{"id":8,"date":"2026-01-18T01:12:19","date_gmt":"2026-01-18T01:12:19","guid":{"rendered":"https:\/\/investiraletranger.fr\/blog\/?page_id=8"},"modified":"2026-01-22T01:48:11","modified_gmt":"2026-01-22T01:48:11","slug":"blog","status":"publish","type":"page","link":"https:\/\/investiraletranger.fr\/blog\/","title":{"rendered":"BLOG"},"content":{"rendered":"\t\t<div data-elementor-type=\"wp-page\" data-elementor-id=\"8\" class=\"elementor elementor-8\" data-elementor-post-type=\"page\">\n\t\t\t\t<div class=\"elementor-element elementor-element-994e367 e-flex e-con-boxed e-con e-parent\" data-id=\"994e367\" data-element_type=\"container\">\n\t\t\t\t\t<div class=\"e-con-inner\">\n\t\t<div class=\"elementor-element elementor-element-6b9380f e-flex e-con-boxed e-con e-child\" data-id=\"6b9380f\" data-element_type=\"container\">\n\t\t\t\t\t<div class=\"e-con-inner\">\n\t\t\t\t<div class=\"elementor-element elementor-element-e0c369f elementor-grid-3 elementor-grid-tablet-2 elementor-grid-mobile-1 elementor-posts--thumbnail-top elementor-posts--show-avatar elementor-card-shadow-yes elementor-posts__hover-gradient elementor-widget elementor-widget-posts\" data-id=\"e0c369f\" data-element_type=\"widget\" data-settings=\"{&quot;cards_columns&quot;:&quot;3&quot;,&quot;cards_columns_tablet&quot;:&quot;2&quot;,&quot;cards_columns_mobile&quot;:&quot;1&quot;,&quot;cards_row_gap&quot;:{&quot;unit&quot;:&quot;px&quot;,&quot;size&quot;:35,&quot;sizes&quot;:[]},&quot;cards_row_gap_tablet&quot;:{&quot;unit&quot;:&quot;px&quot;,&quot;size&quot;:&quot;&quot;,&quot;sizes&quot;:[]},&quot;cards_row_gap_mobile&quot;:{&quot;unit&quot;:&quot;px&quot;,&quot;size&quot;:&quot;&quot;,&quot;sizes&quot;:[]}}\" data-widget_type=\"posts.cards\">\n\t\t\t\t<div class=\"elementor-widget-container\">\n\t\t\t\t\t\t\t<div class=\"elementor-posts-container elementor-posts elementor-posts--skin-cards elementor-grid\" role=\"list\">\n\t\t\t\t<article class=\"elementor-post elementor-grid-item post-270 post type-post status-publish format-standard has-post-thumbnail hentry category-investissement-colombie tag-immobilier-carthagene tag-investir-a-medellin\" role=\"listitem\">\n\t\t\t<div class=\"elementor-post__card\">\n\t\t\t\t<a class=\"elementor-post__thumbnail__link\" href=\"https:\/\/investiraletranger.fr\/blog\/investir-colombie-medellin-carthagene\/\" tabindex=\"-1\" ><div class=\"elementor-post__thumbnail\"><img fetchpriority=\"high\" decoding=\"async\" width=\"300\" height=\"200\" src=\"https:\/\/investiraletranger.fr\/blog\/wp-content\/uploads\/2026\/01\/colombie-300x200.webp\" class=\"attachment-medium size-medium wp-image-305\" alt=\"\" srcset=\"https:\/\/investiraletranger.fr\/blog\/wp-content\/uploads\/2026\/01\/colombie-300x200.webp 300w, https:\/\/investiraletranger.fr\/blog\/wp-content\/uploads\/2026\/01\/colombie.webp 600w\" sizes=\"(max-width: 300px) 100vw, 300px\" \/><\/div><\/a>\n\t\t\t\t<div class=\"elementor-post__avatar\">\n\t\t\t\t\t<\/div>\n\t\t\t\t<div class=\"elementor-post__text\">\n\t\t\t\t<h3 class=\"elementor-post__title\">\n\t\t\t<a href=\"https:\/\/investiraletranger.fr\/blog\/investir-colombie-medellin-carthagene\/\" >\n\t\t\t\tPourquoi Medell\u00edn et Carthag\u00e8ne attirent les investisseurs du monde entier\t\t\t<\/a>\n\t\t<\/h3>\n\t\t\t\t<div class=\"elementor-post__excerpt\">\n\t\t\t<p>Oubliez les clich\u00e9s des s\u00e9ries t\u00e9l\u00e9vis\u00e9es des ann\u00e9es 90. La Colombie d&#8217;aujourd&#8217;hui est l&#8217;une des \u00e9conomies les plus dynamiques d&#8217;Am\u00e9rique Latine et une destination touristique de premier plan. Pour l&#8217;investisseur immobilier, c&#8217;est un terrain de jeu exceptionnel. L&#8217;effet &#8220;Digital Nomad&#8221; Medell\u00edn, la ville du printemps \u00e9ternel, est devenue l&#8217;un des hubs mondiaux pour les nomades digitaux. Am\u00e9ricains et Europ\u00e9ens affluent pour profiter du climat, du co\u00fbt de la vie abordable et de la fibre optique omnipr\u00e9sente. Carthag\u00e8ne : La perle<\/p>\n\t\t<\/div>\n\t\t\t\t<\/div>\n\t\t\t\t\t<\/div>\n\t\t<\/article>\n\t\t\t\t<article class=\"elementor-post elementor-grid-item post-249 post type-post status-publish format-standard has-post-thumbnail hentry category-uncategorized\" role=\"listitem\">\n\t\t\t<div class=\"elementor-post__card\">\n\t\t\t\t<a class=\"elementor-post__thumbnail__link\" href=\"https:\/\/investiraletranger.fr\/blog\/investir-immobilier-tunisie-luxe-accessible\/\" tabindex=\"-1\" ><div class=\"elementor-post__thumbnail\"><img decoding=\"async\" width=\"300\" height=\"200\" src=\"https:\/\/investiraletranger.fr\/blog\/wp-content\/uploads\/2026\/01\/tunisie-300x200.webp\" class=\"attachment-medium size-medium wp-image-306\" alt=\"\" srcset=\"https:\/\/investiraletranger.fr\/blog\/wp-content\/uploads\/2026\/01\/tunisie-300x200.webp 300w, https:\/\/investiraletranger.fr\/blog\/wp-content\/uploads\/2026\/01\/tunisie.webp 600w\" sizes=\"(max-width: 300px) 100vw, 300px\" \/><\/div><\/a>\n\t\t\t\t<div class=\"elementor-post__avatar\">\n\t\t\t\t\t<\/div>\n\t\t\t\t<div class=\"elementor-post__text\">\n\t\t\t\t<h3 class=\"elementor-post__title\">\n\t\t\t<a href=\"https:\/\/investiraletranger.fr\/blog\/investir-immobilier-tunisie-luxe-accessible\/\" >\n\t\t\t\tTunisie : Le luxe immobilier \u00e0 moins de 3 heures de Paris\t\t\t<\/a>\n\t\t<\/h3>\n\t\t\t\t<div class=\"elementor-post__excerpt\">\n\t\t\t<p>Quand on parle d&#8217;investissement immobilier \u00e0 l&#8217;\u00e9tranger, la Tunisie s&#8217;impose souvent comme le choix de la raison et du c\u0153ur. Avec sa proximit\u00e9 g\u00e9ographique et culturelle, elle offre un atout que peu de destinations peuvent \u00e9galer : le d\u00e9paysement total sans la distance. Un pouvoir d&#8217;achat immobilier d\u00e9cupl\u00e9 Le principal atout de la Tunisie reste le prix du m\u00e8tre carr\u00e9. Avec un budget de 150 000 \u20ac, il est difficile de trouver un bien correct \u00e0 Paris ou Lyon. En<\/p>\n\t\t<\/div>\n\t\t\t\t<\/div>\n\t\t\t\t\t<\/div>\n\t\t<\/article>\n\t\t\t\t<article class=\"elementor-post elementor-grid-item post-1 post type-post status-publish format-standard has-post-thumbnail hentry category-uncategorized tag-diversification-patrimoine\" role=\"listitem\">\n\t\t\t<div class=\"elementor-post__card\">\n\t\t\t\t<a class=\"elementor-post__thumbnail__link\" href=\"https:\/\/investiraletranger.fr\/blog\/pourquoi-investir-hors-europe-2026\/\" tabindex=\"-1\" ><div class=\"elementor-post__thumbnail\"><img decoding=\"async\" width=\"300\" height=\"200\" src=\"https:\/\/investiraletranger.fr\/blog\/wp-content\/uploads\/2025\/12\/capvert-300x200.webp\" class=\"attachment-medium size-medium wp-image-307\" alt=\"\" srcset=\"https:\/\/investiraletranger.fr\/blog\/wp-content\/uploads\/2025\/12\/capvert-300x200.webp 300w, https:\/\/investiraletranger.fr\/blog\/wp-content\/uploads\/2025\/12\/capvert.webp 600w\" sizes=\"(max-width: 300px) 100vw, 300px\" \/><\/div><\/a>\n\t\t\t\t<div class=\"elementor-post__avatar\">\n\t\t\t\t\t<\/div>\n\t\t\t\t<div class=\"elementor-post__text\">\n\t\t\t\t<h3 class=\"elementor-post__title\">\n\t\t\t<a href=\"https:\/\/investiraletranger.fr\/blog\/pourquoi-investir-hors-europe-2026\/\" >\n\t\t\t\tPourquoi 2026 est l&#8217;ann\u00e9e id\u00e9ale pour diversifier votre patrimoine hors zone Euro\t\t\t<\/a>\n\t\t<\/h3>\n\t\t\t\t<div class=\"elementor-post__excerpt\">\n\t\t\t<p>L&#8217;immobilier reste la valeur refuge pr\u00e9f\u00e9r\u00e9e des Fran\u00e7ais. Pourtant, avec la hausse des taux d&#8217;int\u00e9r\u00eat et la stagnation des rendements locatifs dans les grandes m\u00e9tropoles europ\u00e9ennes (souvent plafonn\u00e9s \u00e0 3-4 %), de plus en plus d&#8217;investisseurs regardent au-del\u00e0 des fronti\u00e8res. Pourquoi franchir le pas maintenant ? Voici trois raisons strat\u00e9giques pour lesquelles l&#8217;investissement international est incontournable cette ann\u00e9e. 1. Aller chercher la rentabilit\u00e9 l\u00e0 o\u00f9 elle se trouve En France, obtenir une rentabilit\u00e9 nette sup\u00e9rieure \u00e0 5 % est devenu<\/p>\n\t\t<\/div>\n\t\t\t\t<\/div>\n\t\t\t\t\t<\/div>\n\t\t<\/article>\n\t\t\t\t<\/div>\n\t\t\n\t\t\t\t\t\t<\/div>\n\t\t\t\t<\/div>\n\t\t\t\t\t<\/div>\n\t\t\t\t<\/div>\n\t\t\t\t\t<\/div>\n\t\t\t\t<\/div>\n\t\t\t\t<\/div>\n\t\t","protected":false},"excerpt":{"rendered":"","protected":false},"author":1,"featured_media":0,"parent":0,"menu_order":0,"comment_status":"closed","ping_status":"closed","template":"","meta":{"footnotes":""},"class_list":["post-8","page","type-page","status-publish","hentry"],"_links":{"self":[{"href":"https:\/\/investiraletranger.fr\/blog\/wp-json\/wp\/v2\/pages\/8","targetHints":{"allow":["GET"]}}],"collection":[{"href":"https:\/\/investiraletranger.fr\/blog\/wp-json\/wp\/v2\/pages"}],"about":[{"href":"https:\/\/investiraletranger.fr\/blog\/wp-json\/wp\/v2\/types\/page"}],"author":[{"embeddable":true,"href":"https:\/\/investiraletranger.fr\/blog\/wp-json\/wp\/v2\/users\/1"}],"replies":[{"embeddable":true,"href":"https:\/\/investiraletranger.fr\/blog\/wp-json\/wp\/v2\/comments?post=8"}],"version-history":[{"count":46,"href":"https:\/\/investiraletranger.fr\/blog\/wp-json\/wp\/v2\/pages\/8\/revisions"}],"predecessor-version":[{"id":310,"href":"https:\/\/investiraletranger.fr\/blog\/wp-json\/wp\/v2\/pages\/8\/revisions\/310"}],"wp:attachment":[{"href":"https:\/\/investiraletranger.fr\/blog\/wp-json\/wp\/v2\/media?parent=8"}],"curies":[{"name":"wp","href":"https:\/\/api.w.org\/{rel}","templated":true}]}}