{"id":97,"date":"2026-01-18T12:43:11","date_gmt":"2026-01-18T12:43:11","guid":{"rendered":"https:\/\/investiraletranger.fr\/blog\/?page_id=97"},"modified":"2026-01-22T01:48:58","modified_gmt":"2026-01-22T01:48:58","slug":"contactez-nous","status":"publish","type":"page","link":"https:\/\/investiraletranger.fr\/blog\/contactez-nous\/","title":{"rendered":"Contactez-Nous"},"content":{"rendered":"\t\t<div data-elementor-type=\"wp-page\" data-elementor-id=\"97\" class=\"elementor elementor-97\" data-elementor-post-type=\"page\">\n\t\t\t\t<div class=\"elementor-element elementor-element-6d0aaca e-flex e-con-boxed e-con e-parent\" data-id=\"6d0aaca\" data-element_type=\"container\" data-settings=\"{&quot;background_background&quot;:&quot;gradient&quot;}\">\n\t\t\t\t\t<div class=\"e-con-inner\">\n\t\t<div class=\"elementor-element elementor-element-b9d2eb5 e-con-full e-flex e-con e-child\" data-id=\"b9d2eb5\" data-element_type=\"container\">\n\t\t\t\t<div class=\"elementor-element elementor-element-84857f9 elementor-widget elementor-widget-heading\" data-id=\"84857f9\" data-element_type=\"widget\" data-widget_type=\"heading.default\">\n\t\t\t\t\t<h1 class=\"elementor-heading-title elementor-size-default\">Contactez-Nous<\/h1>\t\t\t\t<\/div>\n\t\t\t\t<div class=\"elementor-element elementor-element-acc84be elementor-widget elementor-widget-heading\" data-id=\"acc84be\" data-element_type=\"widget\" data-widget_type=\"heading.default\">\n\t\t\t\t\t<p class=\"elementor-heading-title elementor-size-default\">Notre \u00e9quipe d'experts est \u00e0 votre \u00e9coute pour vous accompagner dans votre projet d'investissement immobilier \u00e0 l'\u00e9tranger<\/p>\t\t\t\t<\/div>\n\t\t\t\t<\/div>\n\t\t\t\t\t<\/div>\n\t\t\t\t<\/div>\n\t\t<div class=\"elementor-element elementor-element-d6f9aa2 e-flex e-con-boxed e-con e-parent\" data-id=\"d6f9aa2\" data-element_type=\"container\">\n\t\t\t\t\t<div class=\"e-con-inner\">\n\t\t<div class=\"elementor-element elementor-element-b10d6b3 e-con-full e-flex e-con e-child\" data-id=\"b10d6b3\" data-element_type=\"container\">\n\t\t\t\t<div class=\"elementor-element elementor-element-c134bd1 elementor-widget elementor-widget-heading\" data-id=\"c134bd1\" data-element_type=\"widget\" data-widget_type=\"heading.default\">\n\t\t\t\t\t<h2 class=\"elementor-heading-title elementor-size-default\">Demande d'information<\/h2>\t\t\t\t<\/div>\n\t\t\t\t<div class=\"elementor-element elementor-element-1057066 elementor-widget elementor-widget-heading\" data-id=\"1057066\" data-element_type=\"widget\" data-widget_type=\"heading.default\">\n\t\t\t\t\t<p class=\"elementor-heading-title elementor-size-default\">Remplissez ce formulaire et nous vous r\u00e9pondrons sous 24h<\/p>\t\t\t\t<\/div>\n\t\t<div class=\"elementor-element elementor-element-6064cf8 e-con-full e-flex e-con e-child\" data-id=\"6064cf8\" data-element_type=\"container\" data-settings=\"{&quot;background_background&quot;:&quot;classic&quot;}\">\n\t\t\t\t<div class=\"elementor-element elementor-element-6141c37 elementor-widget elementor-widget-heading\" data-id=\"6141c37\" data-element_type=\"widget\" data-widget_type=\"heading.default\">\n\t\t\t\t\t<p class=\"elementor-heading-title elementor-size-default\">\ud83d\udce7 Email :  contact@investiraletranger.fr<\/p>\t\t\t\t<\/div>\n\t\t\t\t<div class=\"elementor-element elementor-element-00e8e7b elementor-widget elementor-widget-heading\" data-id=\"00e8e7b\" data-element_type=\"widget\" data-widget_type=\"heading.default\">\n\t\t\t\t\t<p class=\"elementor-heading-title elementor-size-default\">Vous pouvez \u00e9galement nous contacter directement par email<\/p>\t\t\t\t<\/div>\n\t\t\t\t<\/div>\n\t\t\t\t<div class=\"elementor-element elementor-element-b8a71b0 elementor-widget elementor-widget-shortcode\" data-id=\"b8a71b0\" data-element_type=\"widget\" data-widget_type=\"shortcode.default\">\n\t\t\t\t\t\t\t<div class=\"elementor-shortcode\">\n<div class=\"wpcf7 no-js\" id=\"wpcf7-f218-o1\" lang=\"en-US\" dir=\"ltr\" data-wpcf7-id=\"218\">\n<div class=\"screen-reader-response\"><p role=\"status\" aria-live=\"polite\" aria-atomic=\"true\"><\/p> <ul><\/ul><\/div>\n<form action=\"\/blog\/wp-json\/wp\/v2\/pages\/97#wpcf7-f218-o1\" method=\"post\" class=\"wpcf7-form init\" aria-label=\"Contact form\" novalidate=\"novalidate\" data-status=\"init\">\n<fieldset class=\"hidden-fields-container\"><input type=\"hidden\" name=\"_wpcf7\" value=\"218\" \/><input type=\"hidden\" name=\"_wpcf7_version\" value=\"6.1.4\" \/><input type=\"hidden\" name=\"_wpcf7_locale\" value=\"en_US\" \/><input type=\"hidden\" name=\"_wpcf7_unit_tag\" value=\"wpcf7-f218-o1\" \/><input type=\"hidden\" name=\"_wpcf7_container_post\" value=\"0\" \/><input type=\"hidden\" name=\"_wpcf7_posted_data_hash\" value=\"\" \/>\n<\/fieldset>\n<p><label> Nom complet <\/label><br \/>\n<span class=\"wpcf7-form-control-wrap\" data-name=\"your-name\"><input size=\"40\" maxlength=\"400\" class=\"wpcf7-form-control wpcf7-text wpcf7-validates-as-required\" aria-required=\"true\" aria-invalid=\"false\" value=\"\" type=\"text\" name=\"your-name\" \/><\/span>\n<\/p>\n<p><label> Email <\/label><br \/>\n<span class=\"wpcf7-form-control-wrap\" data-name=\"email\"><input size=\"40\" maxlength=\"400\" class=\"wpcf7-form-control wpcf7-email wpcf7-validates-as-required wpcf7-text wpcf7-validates-as-email\" aria-required=\"true\" aria-invalid=\"false\" value=\"\" type=\"email\" name=\"email\" \/><\/span>\n<\/p>\n<p><label>T\u00e9l\u00e9phone <\/label><br \/>\n<span class=\"wpcf7-form-control-wrap\" data-name=\"phone\"><input size=\"40\" maxlength=\"400\" class=\"wpcf7-form-control wpcf7-text\" aria-invalid=\"false\" value=\"\" type=\"text\" name=\"phone\" \/><\/span>\n<\/p>\n<p><label> Nom complet <\/label><br \/>\n<span class=\"wpcf7-form-control-wrap\" data-name=\"destination\"><select class=\"wpcf7-form-control wpcf7-select wpcf7-validates-as-required\" aria-required=\"true\" aria-invalid=\"false\" name=\"destination\"><option value=\"S\u00e9lectionnez une destination\">S\u00e9lectionnez une destination<\/option><option value=\"Tunisie\">Tunisie<\/option><option value=\"Cap-Vert\">Cap-Vert<\/option><option value=\"Colombie\">Colombie<\/option><option value=\"Autre \/ Je ne sais pas encore\">Autre \/ Je ne sais pas encore<\/option><\/select><\/span>\n<\/p>\n<p><label> Budget indicatif <\/label><br \/>\n<span class=\"wpcf7-form-control-wrap\" data-name=\"budget\"><select class=\"wpcf7-form-control wpcf7-select wpcf7-validates-as-required\" aria-required=\"true\" aria-invalid=\"false\" name=\"budget\"><option value=\"S\u00e9lectionnez une tranche\">S\u00e9lectionnez une tranche<\/option><option value=\"50 000 - 100 000\u20ac\">50 000 - 100 000\u20ac<\/option><option value=\"100 000 - 200 000\u20ac\">100 000 - 200 000\u20ac<\/option><option value=\"200 000 - 350 000\u20ac\">200 000 - 350 000\u20ac<\/option><option value=\"Plus de 350 000\u20ac\">Plus de 350 000\u20ac<\/option><\/select><\/span>\n<\/p>\n<p><label> Votre projet <\/label><br \/>\n<span class=\"wpcf7-form-control-wrap\" data-name=\"project\"><textarea cols=\"40\" rows=\"10\" maxlength=\"2000\" class=\"wpcf7-form-control wpcf7-textarea wpcf7-validates-as-required\" aria-required=\"true\" aria-invalid=\"false\" name=\"project\">D\u00e9crivez bri\u00e8vement votre projet: objectifs, type de bien recherch\u00e9, horizon d&#039;investissement...<\/textarea><\/span>\n<\/p>\n<p><input class=\"wpcf7-form-control wpcf7-submit has-spinner\" type=\"submit\" value=\"Envoyer ma demande\" \/>\n<\/p><div class=\"wpcf7-response-output\" aria-hidden=\"true\"><\/div>\n<\/form>\n<\/div>\n<\/div>\n\t\t\t\t\t\t<\/div>\n\t\t\t\t<\/div>\n\t\t<div class=\"elementor-element elementor-element-f37338f e-con-full e-flex e-con e-child\" data-id=\"f37338f\" data-element_type=\"container\">\n\t\t\t\t<div class=\"elementor-element elementor-element-035d1db elementor-widget elementor-widget-heading\" data-id=\"035d1db\" data-element_type=\"widget\" data-widget_type=\"heading.default\">\n\t\t\t\t\t<h2 class=\"elementor-heading-title elementor-size-default\">Pourquoi nous contacter ?<\/h2>\t\t\t\t<\/div>\n\t\t\t\t<div class=\"elementor-element elementor-element-431c242 elementor-widget elementor-widget-heading\" data-id=\"431c242\" data-element_type=\"widget\" data-widget_type=\"heading.default\">\n\t\t\t\t\t<p class=\"elementor-heading-title elementor-size-default\">\u2713 Accompagnement personnalis\u00e9<\/p>\t\t\t\t<\/div>\n\t\t\t\t<div class=\"elementor-element elementor-element-71a8a89 elementor-widget elementor-widget-heading\" data-id=\"71a8a89\" data-element_type=\"widget\" data-widget_type=\"heading.default\">\n\t\t\t\t\t<p class=\"elementor-heading-title elementor-size-default\">Chaque projet est unique. Nous analysons votre situation, vos objectifs et votre profil pour vous proposer les opportunit\u00e9s les plus adapt\u00e9es.<\/p>\t\t\t\t<\/div>\n\t\t\t\t<div class=\"elementor-element elementor-element-20c5082 elementor-widget elementor-widget-heading\" data-id=\"20c5082\" data-element_type=\"widget\" data-widget_type=\"heading.default\">\n\t\t\t\t\t<p class=\"elementor-heading-title elementor-size-default\">\u2713 Expertise locale<\/p>\t\t\t\t<\/div>\n\t\t\t\t<div class=\"elementor-element elementor-element-a7d96fc elementor-widget elementor-widget-heading\" data-id=\"a7d96fc\" data-element_type=\"widget\" data-widget_type=\"heading.default\">\n\t\t\t\t\t<p class=\"elementor-heading-title elementor-size-default\">Notre r\u00e9seau de partenaires locaux (agents immobiliers, notaires, avocats, gestionnaires) garantit la s\u00e9curit\u00e9 et la r\u00e9ussite de votre investissement.<\/p>\t\t\t\t<\/div>\n\t\t\t\t<div class=\"elementor-element elementor-element-00cc562 elementor-widget elementor-widget-heading\" data-id=\"00cc562\" data-element_type=\"widget\" data-widget_type=\"heading.default\">\n\t\t\t\t\t<p class=\"elementor-heading-title elementor-size-default\">\u2713 Service complet<\/p>\t\t\t\t<\/div>\n\t\t\t\t<div class=\"elementor-element elementor-element-4c73ccf elementor-widget elementor-widget-heading\" data-id=\"4c73ccf\" data-element_type=\"widget\" data-widget_type=\"heading.default\">\n\t\t\t\t\t<p class=\"elementor-heading-title elementor-size-default\">De la recherche du bien \u00e0 la gestion locative, nous vous accompagnons \u00e0 chaque \u00e9tape de votre projet, avant, pendant et apr\u00e8s l'acquisition.<\/p>\t\t\t\t<\/div>\n\t\t\t\t<div class=\"elementor-element elementor-element-b4cf424 elementor-widget elementor-widget-heading\" data-id=\"b4cf424\" data-element_type=\"widget\" data-widget_type=\"heading.default\">\n\t\t\t\t\t<p class=\"elementor-heading-title elementor-size-default\">\u2713 Transparence totale<\/p>\t\t\t\t<\/div>\n\t\t\t\t<div class=\"elementor-element elementor-element-c5c7739 elementor-widget elementor-widget-heading\" data-id=\"c5c7739\" data-element_type=\"widget\" data-widget_type=\"heading.default\">\n\t\t\t\t\t<p class=\"elementor-heading-title elementor-size-default\">Pas de mauvaises surprises. Nous vous informons clairement sur les co\u00fbts, les risques, la fiscalit\u00e9 et les rendements attendus.<\/p>\t\t\t\t<\/div>\n\t\t<div class=\"elementor-element elementor-element-63ce11a e-con-full e-flex e-con e-child\" data-id=\"63ce11a\" data-element_type=\"container\" data-settings=\"{&quot;background_background&quot;:&quot;gradient&quot;}\">\n\t\t\t\t<div class=\"elementor-element elementor-element-ef93228 elementor-widget elementor-widget-heading\" data-id=\"ef93228\" data-element_type=\"widget\" data-widget_type=\"heading.default\">\n\t\t\t\t\t<h3 class=\"elementor-heading-title elementor-size-default\">\ud83d\udcc5 Consultation gratuite<\/h3>\t\t\t\t<\/div>\n\t\t\t\t<div class=\"elementor-element elementor-element-d424ab2 elementor-widget elementor-widget-heading\" data-id=\"d424ab2\" data-element_type=\"widget\" data-widget_type=\"heading.default\">\n\t\t\t\t\t<p class=\"elementor-heading-title elementor-size-default\">Nous offrons une premi\u00e8re consultation t\u00e9l\u00e9phonique de 30 minutes totalement gratuite et sans engagement pour discuter de votre projet.<\/p>\t\t\t\t<\/div>\n\t\t\t\t<\/div>\n\t\t\t\t<\/div>\n\t\t\t\t\t<\/div>\n\t\t\t\t<\/div>\n\t\t<div class=\"elementor-element elementor-element-369b196 e-flex e-con-boxed e-con e-parent\" data-id=\"369b196\" data-element_type=\"container\">\n\t\t\t\t\t<div class=\"e-con-inner\">\n\t\t\t\t<div class=\"elementor-element elementor-element-1acca63 elementor-widget elementor-widget-heading\" data-id=\"1acca63\" data-element_type=\"widget\" data-widget_type=\"heading.default\">\n\t\t\t\t\t<h2 class=\"elementor-heading-title elementor-size-default\">Questions Fr\u00e9quentes<\/h2>\t\t\t\t<\/div>\n\t\t<div class=\"elementor-element elementor-element-eaf24dd e-con-full e-flex e-con e-child\" data-id=\"eaf24dd\" data-element_type=\"container\">\n\t\t\t\t<div class=\"elementor-element elementor-element-001f344 elementor-widget elementor-widget-icon-box\" data-id=\"001f344\" data-element_type=\"widget\" data-widget_type=\"icon-box.default\">\n\t\t\t\t\t\t\t<div class=\"elementor-icon-box-wrapper\">\n\n\t\t\t\n\t\t\t\t\t\t<div class=\"elementor-icon-box-content\">\n\n\t\t\t\t\t\t\t\t\t<h4 class=\"elementor-icon-box-title\">\n\t\t\t\t\t\t<span  >\n\t\t\t\t\t\t\tQuels sont vos frais ?\t\t\t\t\t\t<\/span>\n\t\t\t\t\t<\/h4>\n\t\t\t\t\n\t\t\t\t\t\t\t\t\t<p class=\"elementor-icon-box-description\">\n\t\t\t\t\t\tNos services d'accompagnement sont r\u00e9mun\u00e9r\u00e9s par commission sur la transaction. Aucun frais ne vous est factur\u00e9 directement.\t\t\t\t\t<\/p>\n\t\t\t\t\n\t\t\t<\/div>\n\t\t\t\n\t\t<\/div>\n\t\t\t\t\t\t<\/div>\n\t\t\t\t<div class=\"elementor-element elementor-element-bd5b080 elementor-widget elementor-widget-icon-box\" data-id=\"bd5b080\" data-element_type=\"widget\" data-widget_type=\"icon-box.default\">\n\t\t\t\t\t\t\t<div class=\"elementor-icon-box-wrapper\">\n\n\t\t\t\n\t\t\t\t\t\t<div class=\"elementor-icon-box-content\">\n\n\t\t\t\t\t\t\t\t\t<h4 class=\"elementor-icon-box-title\">\n\t\t\t\t\t\t<span  >\n\t\t\t\t\t\t\tProposez-vous des visites sur place ?\t\t\t\t\t\t<\/span>\n\t\t\t\t\t<\/h4>\n\t\t\t\t\n\t\t\t\t\t\t\t\t\t<p class=\"elementor-icon-box-description\">\n\t\t\t\t\t\tOui, nous organisons r\u00e9guli\u00e8rement des voyages de prospection immobili\u00e8re dans nos destinations. Contactez-nous pour les prochaines dates.\t\t\t\t\t<\/p>\n\t\t\t\t\n\t\t\t<\/div>\n\t\t\t\n\t\t<\/div>\n\t\t\t\t\t\t<\/div>\n\t\t\t\t<\/div>\n\t\t<div class=\"elementor-element elementor-element-b4b84ed e-con-full e-flex e-con e-child\" data-id=\"b4b84ed\" data-element_type=\"container\">\n\t\t\t\t<div class=\"elementor-element elementor-element-9e14a7b elementor-widget__width-initial elementor-widget elementor-widget-icon-box\" data-id=\"9e14a7b\" data-element_type=\"widget\" data-widget_type=\"icon-box.default\">\n\t\t\t\t\t\t\t<div class=\"elementor-icon-box-wrapper\">\n\n\t\t\t\n\t\t\t\t\t\t<div class=\"elementor-icon-box-content\">\n\n\t\t\t\t\t\t\t\t\t<h4 class=\"elementor-icon-box-title\">\n\t\t\t\t\t\t<span  >\n\t\t\t\t\t\t\tAccompagnez-vous apr\u00e8s l'achat ?\t\t\t\t\t\t<\/span>\n\t\t\t\t\t<\/h4>\n\t\t\t\t\n\t\t\t\t\t\t\t\t\t<p class=\"elementor-icon-box-description\">\n\t\t\t\t\t\tAbsolument. Nos partenaires locaux assurent la gestion locative compl\u00e8te si vous le souhaitez: recherche locataires, contrats, encaissement, entretien.\t\t\t\t\t<\/p>\n\t\t\t\t\n\t\t\t<\/div>\n\t\t\t\n\t\t<\/div>\n\t\t\t\t\t\t<\/div>\n\t\t\t\t<div class=\"elementor-element elementor-element-357ee1d elementor-widget__width-initial elementor-widget-tablet__width-initial elementor-widget elementor-widget-icon-box\" data-id=\"357ee1d\" data-element_type=\"widget\" data-widget_type=\"icon-box.default\">\n\t\t\t\t\t\t\t<div class=\"elementor-icon-box-wrapper\">\n\n\t\t\t\n\t\t\t\t\t\t<div class=\"elementor-icon-box-content\">\n\n\t\t\t\t\t\t\t\t\t<h4 class=\"elementor-icon-box-title\">\n\t\t\t\t\t\t<span  >\n\t\t\t\t\t\t\tQuelle est votre expertise ?\t\t\t\t\t\t<\/span>\n\t\t\t\t\t<\/h4>\n\t\t\t\t\n\t\t\t\t\t\t\t\t\t<p class=\"elementor-icon-box-description\">\n\t\t\t\t\t\tNotre \u00e9quipe cumule plus de 15 ans d'exp\u00e9rience en investissement immobilier international.\t\t\t\t\t<\/p>\n\t\t\t\t\n\t\t\t<\/div>\n\t\t\t\n\t\t<\/div>\n\t\t\t\t\t\t<\/div>\n\t\t\t\t<\/div>\n\t\t\t\t\t<\/div>\n\t\t\t\t<\/div>\n\t\t\t\t<\/div>\n\t\t","protected":false},"excerpt":{"rendered":"<p>Contactez-Nous Notre \u00e9quipe d&#8217;experts est \u00e0 votre \u00e9coute pour vous accompagner dans votre projet d&#8217;investissement immobilier \u00e0 l&#8217;\u00e9tranger Demande d&#8217;information Remplissez ce formulaire et nous vous r\u00e9pondrons sous 24h \ud83d\udce7 Email : contact@investiraletranger.fr Vous pouvez \u00e9galement nous contacter directement par email Pourquoi nous contacter ? \u2713 Accompagnement personnalis\u00e9 Chaque projet est unique. Nous analysons votre [&hellip;]<\/p>\n","protected":false},"author":1,"featured_media":0,"parent":0,"menu_order":0,"comment_status":"closed","ping_status":"closed","template":"","meta":{"footnotes":""},"class_list":["post-97","page","type-page","status-publish","hentry"],"_links":{"self":[{"href":"https:\/\/investiraletranger.fr\/blog\/wp-json\/wp\/v2\/pages\/97","targetHints":{"allow":["GET"]}}],"collection":[{"href":"https:\/\/investiraletranger.fr\/blog\/wp-json\/wp\/v2\/pages"}],"about":[{"href":"https:\/\/investiraletranger.fr\/blog\/wp-json\/wp\/v2\/types\/page"}],"author":[{"embeddable":true,"href":"https:\/\/investiraletranger.fr\/blog\/wp-json\/wp\/v2\/users\/1"}],"replies":[{"embeddable":true,"href":"https:\/\/investiraletranger.fr\/blog\/wp-json\/wp\/v2\/comments?post=97"}],"version-history":[{"count":137,"href":"https:\/\/investiraletranger.fr\/blog\/wp-json\/wp\/v2\/pages\/97\/revisions"}],"predecessor-version":[{"id":313,"href":"https:\/\/investiraletranger.fr\/blog\/wp-json\/wp\/v2\/pages\/97\/revisions\/313"}],"wp:attachment":[{"href":"https:\/\/investiraletranger.fr\/blog\/wp-json\/wp\/v2\/media?parent=97"}],"curies":[{"name":"wp","href":"https:\/\/api.w.org\/{rel}","templated":true}]}}